{"id":9,"date":"2021-03-17T09:44:14","date_gmt":"2021-03-17T09:44:14","guid":{"rendered":"http:\/\/weserterrassen-nordenham.de\/?page_id=9"},"modified":"2024-11-26T14:38:14","modified_gmt":"2024-11-26T14:38:14","slug":"home","status":"publish","type":"page","link":"http:\/\/weserterrassen-nordenham.de\/","title":{"rendered":"Home"},"content":{"rendered":"<ul>\n<li>\n<p>        <img src=\"\/wp-content\/uploads\/2021\/03\/hg_party_2-scaled.jpg\" alt=\"\"><\/p>\n<h3>Dein Event direkt am Weserstrand<\/h3>\n<p>Den Abend entspannt geniessen<\/p>\n<p><a href=\"\/index.php\/event-buchen\/\">Jetzt Feier buchen<\/a><\/p>\n<\/li>\n<li>\n<p>        <img src=\"\/wp-content\/uploads\/2022\/03\/photo-1593472799419-a17740a9976c-scaled_2.jpg\" alt=\"\"><\/p>\n<h3>Dein sch\u00f6nster<br \/> Tag bei uns<\/h3>\n<p>Hochzeitsfeier in den Weserterrassen<\/p>\n<p><a href=\"\/index.php\/event-buchen\/\">Jetzt Feier buchen<\/a><\/p>\n<\/li>\n<\/ul>\n<h2>Willkommen in den Weserterrassen \u2013 die Eventlocation direkt am Weserstrand!<\/h2>\n<div>\n<p>Buche unsere R\u00e4umlichkeiten zur Selbstverpflegung und gestalte Deine Feier ganz nach eigenen W\u00fcnschen. Bringe Deine eigenen Getr\u00e4nke mit und w\u00e4hle ein Cateringunternehmen Deiner Wahl f\u00fcr das Essen. Die Grundreinigung wird durch \u201eFelkse\u201c unkompliziert dazugebucht. Die Vorbereitung der R\u00e4ume, die Bedienung am Abend und die Dekoration k\u00f6nnen auf Wunsch angefragt und hinzugebucht werden. Feiere unvergessliche Momente in einer einzigartigen Atmosph\u00e4re!<\/p>\n<\/div>\n<p>\n    <a href=\"\/index.php\/event-buchen\/\">Mehr erfahren<\/a>\n<\/p>\n<ul>\n<li>\n<p>        <img src=\"\/wp-content\/uploads\/2021\/03\/event_2.svg\" alt=\"\"><\/p>\n<h3>Eventlocation<\/h3>\n<p><a href=\"\/index.php\/event-buchen\/\"><\/a><\/p>\n<\/li>\n<li>\n<p>        <img src=\"\/wp-content\/uploads\/2021\/03\/termin_1.svg\" alt=\"\"><\/p>\n<h3>Jetzt dein Event buchen<\/h3>\n<p><a href=\"\/index.php\/event-buchen\/\"><\/a><\/p>\n<\/li>\n<\/ul>\n<h2>Bock auf &#8217;ne Party?<\/h2>\n<div>Ein Geburtstag, eine Hochzeit, eine Firmenfeier \u2014 was auch immer Du vorhast, unsere Eventlocation passt sich Dir an, damit Du Deinen Geburtstag oder auch einfach eine Party mit Ideen ganz nach Deinem Geschmack umsetzen kannst.\n<\/div>\n<div>\n<p>Die Weserterrassen bieten eine au\u00dfergew\u00f6hnliche Lage mit direktem Zugang zum Strand an der Weser. Eine stilvolle Hochzeitsfeier, ein runder Geburtstag mit Freunden und Familie, einen erfolgreichen Jahresabschluss mit den Mitarbeitern oder ein Betriebsjubil\u00e4um begie\u00dfen? Ein Familienfest wie Konfirmation, Kommunion oder Taufe stehen an? Dann bist Du bei uns in den besten H\u00e4nden. <strong>Eventr\u00e4ume k\u00f6nnen ab einer Personenanzahl von 25 Personen gebucht werden.<\/strong><\/p>\n<\/div>\n<p>\n    <a href=\"\/index.php\/event-buchen\/\">Jetzt Event buchen<\/a>\n<\/p>\n<div>\n<p>53.4707,8.479<\/p>\n<\/div>\n<h1>Hier findest Du uns<\/h1>\n<div>\n<p>Weserterrassen GmbH &amp; Co. KG<br \/>Strandallee 10<br \/>26954 Nordenham<\/p>\n<\/div>\n<p>\n    <a href=\"\/index.php\/kontakt\/\">Kontakt<\/a>\n<\/p>\n<p><!--more--><br \/>\n<!-- {\"name\":\"Home\",\"type\":\"layout\",\"children\":[{\"type\":\"section\",\"props\":{\"style\":\"default\",\"width\":\"\",\"vertical_align\":\"middle\",\"title_position\":\"top-left\",\"title_rotation\":\"left\",\"title_breakpoint\":\"xl\",\"image_position\":\"center-center\",\"padding\":\"none\",\"header_transparent\":\"dark\",\"header_transparent_noplaceholder\":true,\"id\":\"Willkommen bei den Weserterrassen\",\"title\":\"Willkommen bei den Weserterrassen\"},\"children\":[{\"type\":\"row\",\"props\":{\"column_gap\":\"collapse\",\"row_gap\":\"collapse\",\"margin\":\"remove-vertical\"},\"children\":[{\"type\":\"column\",\"props\":{\"image_position\":\"center-center\",\"media_overlay_gradient\":\"\"},\"children\":[{\"type\":\"slideshow\",\"props\":{\"show_title\":true,\"show_meta\":true,\"show_content\":true,\"show_link\":true,\"show_thumbnail\":true,\"slideshow_min_height\":300,\"slideshow_autoplay_pause\":true,\"nav\":\"dotnav\",\"nav_position\":\"bottom-center\",\"nav_position_margin\":\"medium\",\"nav_align\":\"center\",\"nav_breakpoint\":\"s\",\"thumbnav_width\":\"100\",\"thumbnav_height\":\"75\",\"thumbnav_svg_color\":\"emphasis\",\"slidenav\":\"default\",\"slidenav_margin\":\"\",\"slidenav_breakpoint\":\"s\",\"slidenav_outside_breakpoint\":\"xl\",\"overlay_position\":\"center\",\"overlay_animation\":\"parallax\",\"title_element\":\"h3\",\"meta_style\":\"heading-small\",\"meta_align\":\"below-title\",\"meta_element\":\"div\",\"link_text\":\"Read more\",\"link_style\":\"primary\",\"margin\":\"remove-vertical\",\"slideshow_height\":\"full\",\"container_padding_remove\":false,\"title_style\":\"heading-large\",\"text_align\":\"center\",\"overlay_container\":\"\",\"overlay_width\":\"\",\"slidenav_hover\":true,\"overlay_margin\":\"large\",\"content_margin\":\"remove\",\"nav_vertical\":false,\"slideshow_autoplay\":true,\"slideshow_kenburns\":\"\",\"slideshow_kenburns_duration\":\"11\",\"slideshow_autoplay_interval\":\"12\",\"link_size\":\"large\",\"image_width\":\"2500\",\"link_margin\":\"medium\",\"content_style\":\"lead\"},\"children\":[{\"type\":\"slideshow_item\",\"props\":{\"image\":\"wp-content\\\/uploads\\\/2021\\\/03\\\/hg_party_2-scaled.jpg\",\"title\":\"Dein Event direkt am Weserstrand\",\"meta\":\"Den Abend entspannt geniessen\",\"text_color\":\"dark\",\"link\":\"index.php\\\/event-buchen\\\/\",\"link_text\":\"Jetzt Feier buchen\",\"media_background\":\"#34424F\",\"media_blend_mode\":\"screen\"}},{\"type\":\"slideshow_item\",\"props\":{\"image\":\"wp-content\\\/uploads\\\/2022\\\/03\\\/photo-1593472799419-a17740a9976c-scaled_2.jpg\",\"title\":\"Dein sch\\u00f6nster<br \/> Tag bei uns\",\"meta\":\"Hochzeitsfeier in den Weserterrassen\",\"text_color\":\"dark\",\"link\":\"index.php\\\/event-buchen\\\/\",\"link_text\":\"Jetzt Feier buchen\",\"media_background\":\"#34424F\",\"media_blend_mode\":\"screen\"}}]}]}]}],\"name\":\"Slider\"},{\"name\":\"Bock auf ne Party\",\"type\":\"section\",\"props\":{\"style\":\"primary\",\"width\":\"\",\"image_size\":\"cover\",\"padding\":\"none\",\"preserve_color\":false,\"animation\":\"slide-right-medium\",\"image_position\":\"center-center\",\"vertical_align\":\"middle\",\"title_position\":\"top-left\",\"title_rotation\":\"left\",\"title_breakpoint\":\"xl\",\"padding_remove_horizontal\":true},\"children\":[{\"name\":\"\",\"type\":\"row\",\"props\":{\"layout\":\"1-2,1-2\",\"vertical_align\":true,\"column_gap\":\"large\",\"row_gap\":\"collapse\",\"margin\":\"remove-vertical\"},\"children\":[{\"name\":\"\",\"type\":\"column\",\"props\":{\"image_position\":\"center-center\",\"vertical_align\":\"middle\",\"media_overlay_gradient\":\"\",\"width_medium\":\"1-2\",\"image\":\"wp-content\\\/uploads\\\/2021\\\/03\\\/anker.svg\",\"image_size\":\"cover\",\"padding\":\"large\",\"image_height\":\"600\",\"media_overlay\":\"rgb(20, 56, 72)\"},\"children\":[{\"name\":\"\",\"type\":\"headline\",\"props\":{\"title_element\":\"h2\",\"content\":\"Willkommen in den Weserterrassen \\u2013 die Eventlocation direkt am Weserstrand!\",\"margin_remove_top\":false,\"title_style\":\"heading-medium\",\"title_color\":\"emphasis\",\"maxwidth\":\"xlarge\",\"text_align\":\"left\"}},{\"name\":\"\",\"type\":\"text\",\"props\":{\"column_breakpoint\":\"m\",\"margin\":\"medium\",\"content\":\"\n\n<p>Buche unsere R\\u00e4umlichkeiten zur Selbstverpflegung und gestalte Deine Feier ganz nach eigenen W\\u00fcnschen. Bringe Deine eigenen Getr\\u00e4nke mit und w\\u00e4hle ein Cateringunternehmen Deiner Wahl f\\u00fcr das Essen. Die Grundreinigung wird durch \\u201eFelkse\\u201c unkompliziert dazugebucht. Die Vorbereitung der R\\u00e4ume, die Bedienung am Abend und die Dekoration k\\u00f6nnen auf Wunsch angefragt und hinzugebucht werden. Feiere unvergessliche Momente in einer einzigartigen Atmosph\\u00e4re!<\\\/p>\",\"margin_remove_top\":true,\"maxwidth\":\"xlarge\",\"text_align\":\"left\",\"text_size\":\"large\"}},{\"name\":\"\",\"type\":\"button\",\"props\":{\"margin\":\"medium\",\"grid_column_gap\":\"small\",\"grid_row_gap\":\"small\",\"text_align\":\"left\",\"button_size\":\"large\"},\"children\":[{\"name\":\"\",\"type\":\"button_item\",\"props\":{\"button_style\":\"default\",\"content\":\"Mehr erfahren\",\"link\":\"index.php\\\/event-buchen\\\/\",\"icon\":\"\",\"icon_align\":\"right\"}}]}]},{\"name\":\"\",\"type\":\"column\",\"props\":{\"image_position\":\"center-center\",\"media_overlay_gradient\":\"\",\"width_medium\":\"1-2\",\"image\":\"wp-content\\\/uploads\\\/2022\\\/03\\\/lia-1-1.jpg\",\"padding\":\"none\",\"image_size\":\"cover\",\"vertical_align\":\"middle\",\"order_first\":\"xs\"},\"children\":[]}]}]},{\"name\":\"Services\",\"type\":\"section\",\"props\":{\"style\":\"muted\",\"width\":\"default\",\"image_size\":\"cover\",\"padding\":\"large\",\"animation\":\"fade\",\"animation_delay\":\"200\",\"image_position\":\"center-center\",\"vertical_align\":\"middle\",\"title_position\":\"top-left\",\"title_rotation\":\"left\",\"title_breakpoint\":\"xl\",\"image\":\"wp-content\\\/uploads\\\/2021\\\/03\\\/pexels-fwstudio-129731-2-scaled.jpg\",\"media_overlay\":\"rgba(235, 235, 235, 0.53)\",\"title\":\"Unsere Services\"},\"children\":[{\"name\":\"\",\"type\":\"row\",\"children\":[{\"name\":\"\",\"type\":\"column\",\"props\":{\"image_position\":\"center-center\",\"media_overlay_gradient\":\"\",\"width_medium\":\"1-1\"},\"children\":[{\"name\":\"\",\"type\":\"grid\",\"props\":{\"show_title\":true,\"show_meta\":true,\"show_content\":true,\"show_image\":true,\"show_link\":true,\"grid_default\":\"1\",\"grid_medium\":\"2\",\"title_element\":\"h3\",\"meta_style\":\"meta\",\"meta_align\":\"below-title\",\"image_align\":\"top\",\"image_grid_width\":\"1-2\",\"link_text\":\"\",\"link_style\":\"default\",\"margin\":\"default\",\"title_style\":\"h3\",\"text_align\":\"center\",\"item_animation\":true,\"link_target\":false,\"image_width\":\"150\",\"panel_card_image\":true,\"filter_style\":\"tab\",\"filter_all\":true,\"filter_position\":\"top\",\"filter_align\":\"left\",\"filter_grid_width\":\"auto\",\"title_hover_style\":\"reset\",\"title_align\":\"top\",\"title_grid_width\":\"1-2\",\"image_svg_color\":\"warning\",\"grid_column_gap\":\"large\",\"grid_row_gap\":\"large\",\"filter_grid_breakpoint\":\"m\",\"title_grid_breakpoint\":\"m\",\"image_grid_breakpoint\":\"m\",\"panel_link\":true,\"content_column_breakpoint\":\"m\",\"icon_width\":\"\",\"meta_element\":\"div\",\"image_svg_inline\":false,\"image_svg_animate\":false,\"grid_divider\":false,\"image_link\":true,\"animation\":\"slide-bottom\"},\"children\":[{\"name\":\"\",\"type\":\"grid_item\",\"props\":{\"title\":\"Eventlocation\",\"image\":\"wp-content\\\/uploads\\\/2021\\\/03\\\/event_2.svg\",\"link\":\"index.php\\\/event-buchen\\\/\"}},{\"name\":\"\",\"type\":\"grid_item\",\"props\":{\"title\":\"Jetzt dein Event buchen\",\"image\":\"wp-content\\\/uploads\\\/2021\\\/03\\\/termin_1.svg\",\"link\":\"index.php\\\/event-buchen\\\/\"}}]}]}]}]},{\"name\":\"Bock auf ne Party\",\"type\":\"section\",\"props\":{\"style\":\"primary\",\"width\":\"\",\"image_size\":\"cover\",\"padding\":\"none\",\"preserve_color\":false,\"animation\":\"slide-right-medium\",\"image_position\":\"center-center\",\"vertical_align\":\"middle\",\"title_position\":\"top-left\",\"title_rotation\":\"left\",\"title_breakpoint\":\"xl\",\"padding_remove_horizontal\":true},\"children\":[{\"name\":\"\",\"type\":\"row\",\"props\":{\"layout\":\"1-2,1-2\",\"vertical_align\":true,\"column_gap\":\"large\",\"row_gap\":\"collapse\",\"margin\":\"remove-vertical\"},\"children\":[{\"name\":\"\",\"type\":\"column\",\"props\":{\"image_position\":\"center-center\",\"vertical_align\":\"middle\",\"media_overlay_gradient\":\"\",\"width_medium\":\"1-2\",\"image\":\"wp-content\\\/uploads\\\/2021\\\/03\\\/anker.svg\",\"image_size\":\"cover\",\"padding\":\"large\",\"image_height\":\"600\",\"media_overlay\":\"rgb(20, 56, 72)\"},\"children\":[{\"name\":\"\",\"type\":\"headline\",\"props\":{\"title_element\":\"h2\",\"content\":\"Bock auf 'ne Party?\",\"margin_remove_top\":false,\"title_style\":\"heading-medium\",\"title_color\":\"emphasis\",\"maxwidth\":\"xlarge\",\"block_align\":\"right\",\"text_align\":\"right\"}},{\"name\":\"\",\"type\":\"text\",\"props\":{\"column_breakpoint\":\"m\",\"margin\":\"medium\",\"content\":\"Ein Geburtstag, eine Hochzeit, eine Firmenfeier \\u2014 was auch immer Du vorhast, unsere Eventlocation passt sich Dir an, damit Du Deinen Geburtstag oder auch einfach eine Party mit Ideen ganz nach Deinem Geschmack umsetzen kannst. \\n\",\"margin_remove_top\":true,\"maxwidth\":\"xlarge\",\"block_align\":\"right\",\"text_align\":\"right\",\"text_style\":\"lead\",\"text_color\":\"emphasis\"}},{\"name\":\"\",\"type\":\"text\",\"props\":{\"column_breakpoint\":\"m\",\"margin\":\"medium\",\"content\":\"\n\n<p>Die Weserterrassen bieten eine au\\u00dfergew\\u00f6hnliche Lage mit direktem Zugang zum Strand an der Weser. Eine stilvolle Hochzeitsfeier, ein runder Geburtstag mit Freunden und Familie, einen erfolgreichen Jahresabschluss mit den Mitarbeitern oder ein Betriebsjubil\\u00e4um begie\\u00dfen? Ein Familienfest wie Konfirmation, Kommunion oder Taufe stehen an? Dann bist Du bei uns in den besten H\\u00e4nden. <strong>Eventr\\u00e4ume k\\u00f6nnen ab einer Personenanzahl von 25 Personen gebucht werden.<\\\/strong><\\\/p>\",\"margin_remove_top\":true,\"maxwidth\":\"xlarge\",\"block_align\":\"right\",\"text_align\":\"right\",\"text_size\":\"large\"}},{\"name\":\"\",\"type\":\"button\",\"props\":{\"margin\":\"medium\",\"grid_column_gap\":\"small\",\"grid_row_gap\":\"small\",\"text_align\":\"right\",\"button_size\":\"large\"},\"children\":[{\"name\":\"\",\"type\":\"button_item\",\"props\":{\"button_style\":\"default\",\"content\":\"Jetzt Event buchen\",\"link\":\"index.php\\\/event-buchen\\\/\",\"icon\":\"\",\"icon_align\":\"right\"}}]}]},{\"name\":\"\",\"type\":\"column\",\"props\":{\"image_position\":\"center-center\",\"media_overlay_gradient\":\"\",\"width_medium\":\"1-2\",\"image\":\"wp-content\\\/uploads\\\/photo-1467810563316-b5476525c0f9-scaled.jpg\",\"padding\":\"none\",\"image_size\":\"cover\",\"vertical_align\":\"middle\"},\"children\":[]}]}]},{\"name\":\"Anfahrt\",\"type\":\"section\",\"props\":{\"style\":\"secondary\",\"width\":\"\",\"image_size\":\"cover\",\"padding\":\"none\",\"image\":\"\",\"preserve_color\":false,\"image_position\":\"center-center\",\"vertical_align\":\"middle\",\"title_position\":\"top-left\",\"title_rotation\":\"left\",\"title_breakpoint\":\"xl\",\"title\":\"Anfahrt\"},\"children\":[{\"name\":\"\",\"type\":\"row\",\"props\":{\"layout\":\"2-3,1-3\",\"vertical_align\":false},\"children\":[{\"name\":\"\",\"type\":\"column\",\"props\":{\"image_position\":\"center-center\",\"media_overlay_gradient\":\"\",\"width_medium\":\"2-3\"},\"children\":[{\"type\":\"map\",\"props\":{\"show_title\":true,\"show_meta\":true,\"show_content\":true,\"show_image\":true,\"show_link\":true,\"type\":\"roadmap\",\"zoom\":\"14\",\"controls\":true,\"zooming\":false,\"dragging\":false,\"min_zoom\":0,\"max_zoom\":18,\"title_hover_style\":\"reset\",\"title_element\":\"h3\",\"meta_style\":\"meta\",\"meta_align\":\"below-title\",\"meta_element\":\"div\",\"image_svg_color\":\"emphasis\",\"link_text\":\"Read more\",\"link_style\":\"default\",\"margin\":\"default\",\"marker_icon\":\"wp-content\\\/uploads\\\/2021\\\/03\\\/Weserterrassen-Maritimes-Logo-final-hell-DRUCK.svg\",\"cluster_icon_1\":\"\",\"marker_icon_width\":\"100\",\"margin_remove_top\":true,\"margin_remove_bottom\":true,\"viewport_height\":\"\",\"height\":\"800\",\"marker_icon_height\":\"100\"},\"children\":[{\"type\":\"map_item\",\"props\":{\"location\":\"53.4707,8.479\"}}]}]},{\"name\":\"\",\"type\":\"column\",\"props\":{\"image_position\":\"center-center\",\"media_overlay_gradient\":\"\",\"width_medium\":\"1-3\",\"vertical_align\":\"middle\",\"style\":\"secondary\"},\"children\":[{\"type\":\"headline\",\"props\":{\"title_element\":\"h1\",\"content\":\"Hier findest Du uns\",\"title_style\":\"heading-medium\"}},{\"type\":\"text\",\"props\":{\"margin\":\"default\",\"column_breakpoint\":\"m\",\"content\":\"\n\n<p>Weserterrassen GmbH &amp; Co. KG<br \\\/>Strandallee 10<br \\\/>26954 Nordenham<\\\/p>\",\"text_style\":\"lead\"}},{\"type\":\"button\",\"props\":{\"grid_column_gap\":\"small\",\"grid_row_gap\":\"small\",\"margin\":\"default\",\"button_size\":\"large\"},\"children\":[{\"type\":\"button_item\",\"props\":{\"button_style\":\"default\",\"icon_align\":\"left\",\"content\":\"Kontakt\",\"link\":\"index.php\\\/kontakt\\\/\"}}]}]}]}]}],\"version\":\"2.4.21\"} --><\/p>\n","protected":false},"excerpt":{"rendered":"<p>Dein Event direkt am Weserstrand Den Abend entspannt geniessen Jetzt Feier buchen Dein sch\u00f6nster Tag bei uns Hochzeitsfeier in den Weserterrassen Jetzt Feier buchen Willkommen in den Weserterrassen \u2013 die Eventlocation direkt am Weserstrand! Buche unsere R\u00e4umlichkeiten zur Selbstverpflegung und gestalte Deine Feier ganz nach eigenen W\u00fcnschen. Bringe Deine eigenen Getr\u00e4nke mit und w\u00e4hle ein [&hellip;]<\/p>\n","protected":false},"author":1,"featured_media":0,"parent":0,"menu_order":0,"comment_status":"closed","ping_status":"closed","template":"","meta":[],"_links":{"self":[{"href":"http:\/\/weserterrassen-nordenham.de\/index.php\/wp-json\/wp\/v2\/pages\/9"}],"collection":[{"href":"http:\/\/weserterrassen-nordenham.de\/index.php\/wp-json\/wp\/v2\/pages"}],"about":[{"href":"http:\/\/weserterrassen-nordenham.de\/index.php\/wp-json\/wp\/v2\/types\/page"}],"author":[{"embeddable":true,"href":"http:\/\/weserterrassen-nordenham.de\/index.php\/wp-json\/wp\/v2\/users\/1"}],"replies":[{"embeddable":true,"href":"http:\/\/weserterrassen-nordenham.de\/index.php\/wp-json\/wp\/v2\/comments?post=9"}],"version-history":[{"count":245,"href":"http:\/\/weserterrassen-nordenham.de\/index.php\/wp-json\/wp\/v2\/pages\/9\/revisions"}],"predecessor-version":[{"id":1612,"href":"http:\/\/weserterrassen-nordenham.de\/index.php\/wp-json\/wp\/v2\/pages\/9\/revisions\/1612"}],"wp:attachment":[{"href":"http:\/\/weserterrassen-nordenham.de\/index.php\/wp-json\/wp\/v2\/media?parent=9"}],"curies":[{"name":"wp","href":"https:\/\/api.w.org\/{rel}","templated":true}]}}