{"id":233,"date":"2021-03-18T10:29:13","date_gmt":"2021-03-18T10:29:13","guid":{"rendered":"http:\/\/weserterrassen-nordenham.de\/?page_id=233"},"modified":"2021-10-05T06:39:14","modified_gmt":"2021-10-05T06:39:14","slug":"speisekarte","status":"publish","type":"page","link":"http:\/\/weserterrassen-nordenham.de\/index.php\/speisekarte\/","title":{"rendered":"Speisekarte"},"content":{"rendered":"<h1>Unsere Speisekarte<\/h1>\n<div>\n<p>Entdecke unsere ausgew\u00e4hlten K\u00f6stlichkeiten. Alle Speisen und Getr\u00e4nke sind aus eigener Herstellung \u2013 ganz regional und typisch norddeutsch. <strong>Jetzt probieren!<\/strong><\/p>\n<\/div>\n<ul>\n<li>\n        <a href=\"\/wp-content\/uploads\/2021\/10\/speisekarte-Terrasse-Oktober-2021.pdf\">Download Speisekarte als PDF<\/a>\n    <\/li>\n<li>\n        <a href=\"\/index.php\/strandbar\/\">Zur Cocktailkarte<\/a>\n    <\/li>\n<\/ul>\n<h1>Appetizer<\/h1>\n<ul>\n<li>\n<h3>Tomatensuppe mit Sahnehaube<\/h3>\n<div>\n<h3 style=\"text-align: right;\">4,90 EUR<\/h3>\n<\/div>\n<\/li>\n<li>\n<h3>Nachos mit Salsa Sauce<\/h3>\n<div>\n<h3 style=\"text-align: right;\">3,00 EUR<\/h3>\n<\/div>\n<\/li>\n<\/ul>\n<h1>Unsere Speisen<\/h1>\n<ul>\n<li>\n<h3>Pizza Margherita<\/h3>\n<div>\n<h3 style=\"text-align: right;\">8,50 EUR<\/h3>\n<\/div>\n<\/li>\n<li>\n<h3>Pizza Salami<\/h3>\n<div>\n<h3 style=\"text-align: right;\">9,50 EUR<\/h3>\n<\/div>\n<\/li>\n<li>\n<h3>Pizza Pollo<\/h3>\n<p>H\u00e4hnchen und Barbecue-Sauce<\/p>\n<div>\n<h3 style=\"text-align: right;\">10,50 EUR<\/h3>\n<\/div>\n<\/li>\n<li>\n<h3>Pizza Thunfisch<\/h3>\n<div>\n<h3 style=\"text-align: right;\">10,50 EUR<\/h3>\n<\/div>\n<\/li>\n<li>\n<h3>Flammkuchen Lachs<\/h3>\n<div>\n<h3 style=\"text-align: right;\">10,50 EUR<\/h3>\n<\/div>\n<\/li>\n<li>\n<h3>Flammkuchen Speck &#038; Zwiebel<\/h3>\n<div>\n<h3 style=\"text-align: right;\">10,50 EUR<\/h3>\n<\/div>\n<\/li>\n<li>\n<h3>Flammkuchen Rucola &#038; Tomate<\/h3>\n<div>\n<h3 style=\"text-align: right;\">11,50 EUR<\/h3>\n<\/div>\n<\/li>\n<\/ul>\n<ul>\n<li>\n<h3>Emder Rauchmatjes im Br\u00f6tchen<\/h3>\n<div>\n<h3 style=\"text-align: right;\">4,50 EUR<\/h3>\n<\/div>\n<\/li>\n<li>\n<h3>Brathering im Br\u00f6tchen<\/h3>\n<div>\n<h3 style=\"text-align: right;\">4,50 EUR<\/h3>\n<\/div>\n<\/li>\n<li>\n<h3>Bismarkhering im Br\u00f6tchen<\/h3>\n<div>\n<h3 style=\"text-align: right;\">4,50 EUR<\/h3>\n<\/div>\n<\/li>\n<li>\n<h3>Fischfrikadelle im Br\u00f6tchen<\/h3>\n<div>\n<h3 style=\"text-align: right;\">4,50 EUR<\/h3>\n<\/div>\n<\/li>\n<li>\n<h3>Rauchlachs im Br\u00f6tchen<\/h3>\n<div>\n<h3 style=\"text-align: right;\">7,50 EUR<\/h3>\n<\/div>\n<\/li>\n<li>\n<h3>Strandgedeck<\/h3>\n<p>Wahlweise ein Fischbr\u00f6tchen mit Matjes, Brathering <br \/>oder Bismarckhering und ein Bier 0,3 l nach Wahl<\/p>\n<div>\n<h3 style=\"text-align: right;\">7,00 EUR<\/h3>\n<\/div>\n<\/li>\n<li>\n<h3>Backfisch mit Kartoffelsalat Berliner Art<\/h3>\n<div>\n<h3 style=\"text-align: right;\">12,50 EUR<\/h3>\n<\/div>\n<\/li>\n<\/ul>\n<h1>Weserschnitzel<\/h1>\n<ul>\n<li>\n<h3>Wiener Art<\/h3>\n<p>Schweineschnitzel mit kleinem Salatteller<\/p>\n<div>\n<h3 style=\"text-align: right;\">10,90 EUR<\/h3>\n<\/div>\n<\/li>\n<li>\n<h3>Paprika<\/h3>\n<p>Schweineschnitzel mit Paprikaso\u00dfe <br \/>und kleinem Salatteller<\/p>\n<div>\n<h3 style=\"text-align: right;\">11,90 EUR<\/h3>\n<\/div>\n<\/li>\n<li>\n<h3>Champignons<\/h3>\n<p>Schweineschnitzel mit selbstgemachter <br \/>Champignonso\u00dfe und kleinem Salatteller<\/p>\n<div>\n<h3 style=\"text-align: right;\">11,90 EUR<\/h3>\n<\/div>\n<\/li>\n<li>\n<h3>Vegetarisch<\/h3>\n<p>Gemu\u0308seschnitzel mit Sauce Hollandaise <br \/>und kleinem Salatteller<\/p>\n<div>\n<h3 style=\"text-align: right;\">11,50 EUR<\/h3>\n<\/div>\n<\/li>\n<\/ul>\n<h3>\n<p class=\"p2\"><span class=\"s1\"><span class=\"Apple-converted-space\">\u00a0<\/span><\/span>Alle Schnitzelgerichte werden wahlweise mit Pommes oder Kroketten serviert<span class=\"Apple-converted-space\">\u00a0<\/span><\/p>\n<\/h3>\n<h1>Beilagen &amp; Snacks<\/h1>\n<ul>\n<li>\n<h3>Currywurst mit Pommes<\/h3>\n<div>\n<h3 style=\"text-align: right;\">7,90 EUR<\/h3>\n<\/div>\n<\/li>\n<li>\n<h3>Chicken Nuggets mit Pommes<\/h3>\n<div>\n<h3 style=\"text-align: right;\">5,90 EUR<\/h3>\n<\/div>\n<\/li>\n<li>\n<h3>Portion Pommes<\/h3>\n<div>\n<h3 style=\"text-align: right;\">3,00 EUR<\/h3>\n<\/div>\n<\/li>\n<li>\n<h3>Beilagen Salat<\/h3>\n<div>\n<h3 style=\"text-align: right;\">3,90 EUR<\/h3>\n<\/div>\n<\/li>\n<li>\n<h3>Salatteller klassisch<\/h3>\n<div>\n<h3 style=\"text-align: right;\">8,90 EUR<\/h3>\n<\/div>\n<\/li>\n<li>\n<h3>Salatteller mit Lachs<\/h3>\n<div>\n<h3 style=\"text-align: right;\">12,90 EUR<\/h3>\n<\/div>\n<\/li>\n<\/ul>\n<p><!--more--><br \/>\n<!-- {\"name\":\"Recipe Index\",\"type\":\"layout\",\"children\":[{\"type\":\"section\",\"props\":{\"style\":\"default\",\"width\":\"xlarge\",\"vertical_align\":\"\",\"title_position\":\"top-left\",\"title_rotation\":\"left\",\"title_breakpoint\":\"xl\",\"image_position\":\"center-center\",\"text_color\":\"light\",\"padding\":\"large\",\"image_size\":\"cover\",\"image_width\":\"2560\",\"source\":\"category\",\"image\":\"wp-content\\\/uploads\\\/recipes-index.jpg\",\"header_transparent\":\"light\",\"media_overlay\":\"rgba(20, 56, 72, 0.85)\"},\"children\":[{\"type\":\"row\",\"children\":[{\"type\":\"column\",\"props\":{\"image_position\":\"top-center\",\"media_overlay_gradient\":\"\",\"image\":\"\",\"width_medium\":\"\"},\"children\":[{\"type\":\"headline\",\"props\":{\"title_element\":\"h1\",\"title_style\":\"heading-large\",\"text_align\":\"center\",\"source\":\"category\",\"content\":\"Unsere Speisekarte\",\"margin\":\"large\",\"margin_remove_bottom\":true}},{\"type\":\"text\",\"props\":{\"margin\":\"small\",\"column_breakpoint\":\"m\",\"content\":\"\n\n<p>Entdecke unsere ausgew\\u00e4hlten K\\u00f6stlichkeiten. Alle Speisen und Getr\\u00e4nke sind aus eigener Herstellung \\u2013 ganz regional und typisch norddeutsch. <strong>Jetzt probieren!<\\\/strong><\\\/p>\",\"text_align\":\"center\",\"maxwidth\":\"xlarge\",\"block_align\":\"center\",\"margin_remove_top\":true}}]}]}],\"name\":\"Hero\"},{\"type\":\"section\",\"props\":{\"style\":\"secondary\",\"width\":\"xlarge\",\"vertical_align\":\"middle\",\"title_position\":\"top-left\",\"title_rotation\":\"left\",\"title_breakpoint\":\"xl\",\"image_position\":\"center-center\",\"padding\":\"small\",\"image\":\"\"},\"children\":[{\"type\":\"row\",\"children\":[{\"type\":\"column\",\"props\":{\"image_position\":\"center-center\",\"media_overlay_gradient\":\"\",\"width_medium\":\"1-1\"},\"children\":[{\"type\":\"subnav\",\"props\":{\"subnav_style\":\"divider\",\"text_align\":\"center\"},\"children\":[{\"type\":\"subnav_item\",\"props\":{\"source\":\"categories\",\"content\":\"Download Speisekarte als PDF\",\"link\":\"wp-content\\\/uploads\\\/2021\\\/10\\\/speisekarte-Terrasse-Oktober-2021.pdf\"}},{\"type\":\"subnav_item\",\"props\":{\"source\":\"categories\",\"content\":\"Zur Cocktailkarte\",\"link\":\"index.php\\\/strandbar\\\/\"}}]}]}]}],\"name\":\"Categories\"},{\"type\":\"section\",\"props\":{\"style\":\"default\",\"width\":\"default\",\"vertical_align\":\"middle\",\"title_position\":\"top-left\",\"title_rotation\":\"left\",\"title_breakpoint\":\"xl\",\"image_position\":\"center-center\",\"status\":\"\"},\"children\":[{\"type\":\"row\",\"children\":[{\"type\":\"column\",\"props\":{\"image_position\":\"center-center\",\"media_overlay_gradient\":\"\"},\"children\":[{\"type\":\"headline\",\"props\":{\"title_element\":\"h1\",\"title_color\":\"muted\",\"title_style\":\"heading-medium\",\"content\":\"Appetizer\"}},{\"type\":\"description_list\",\"props\":{\"show_title\":true,\"show_meta\":true,\"show_content\":true,\"show_link\":true,\"list_element\":\"ul\",\"column_breakpoint\":\"m\",\"layout\":\"grid-2\",\"title_grid_width\":\"auto\",\"title_grid_column_gap\":\"small\",\"title_grid_row_gap\":\"small\",\"title_element\":\"div\",\"meta_style\":\"h5\",\"meta_align\":\"below-title\",\"list_marker\":\"\",\"title_style\":\"h3\",\"meta_color\":\"muted\",\"list_style\":\"divider\",\"list_size\":\"\",\"text_align\":\"left\",\"title_colon\":false,\"title_font_family\":\"primary\",\"content_style\":\"lead\",\"column\":\"1-2\",\"column_divider\":true,\"margin\":\"default\",\"margin_remove_top\":false},\"children\":[{\"type\":\"description_list_item\",\"props\":{\"title\":\"Tomatensuppe mit Sahnehaube\",\"meta\":\"\",\"content\":\"\n\n<h3 style=\\\"text-align: right;\\\">4,90 EUR<\\\/h3>\"}},{\"type\":\"description_list_item\",\"props\":{\"title\":\"Nachos mit Salsa Sauce\",\"meta\":\"\",\"content\":\"\n\n<h3 style=\\\"text-align: right;\\\">3,00 EUR<\\\/h3>\"}}]}]}],\"props\":{\"margin\":\"xlarge\"}},{\"type\":\"row\",\"children\":[{\"type\":\"column\",\"props\":{\"image_position\":\"center-center\",\"media_overlay_gradient\":\"\"},\"children\":[{\"type\":\"headline\",\"props\":{\"title_element\":\"h1\",\"title_color\":\"muted\",\"title_style\":\"heading-medium\",\"content\":\"Unsere Speisen\",\"margin\":\"default\"}},{\"type\":\"description_list\",\"props\":{\"show_title\":true,\"show_meta\":true,\"show_content\":true,\"show_link\":true,\"list_element\":\"ul\",\"column_breakpoint\":\"m\",\"layout\":\"grid-2\",\"title_grid_width\":\"auto\",\"title_grid_column_gap\":\"small\",\"title_grid_row_gap\":\"small\",\"title_element\":\"div\",\"meta_style\":\"h5\",\"meta_align\":\"below-title\",\"list_marker\":\"\",\"title_style\":\"h3\",\"meta_color\":\"muted\",\"list_style\":\"divider\",\"list_size\":\"\",\"text_align\":\"left\",\"title_colon\":false,\"title_font_family\":\"primary\",\"content_style\":\"lead\",\"column\":\"1-2\",\"column_divider\":true},\"children\":[{\"type\":\"description_list_item\",\"props\":{\"title\":\"Pizza Margherita\",\"meta\":\"\",\"content\":\"\n\n<h3 style=\\\"text-align: right;\\\">8,50 EUR<\\\/h3>\"}},{\"type\":\"description_list_item\",\"props\":{\"title\":\"Pizza Salami\",\"meta\":\"\",\"content\":\"\n\n<h3 style=\\\"text-align: right;\\\">9,50 EUR<\\\/h3>\"}},{\"type\":\"description_list_item\",\"props\":{\"title\":\"Pizza Pollo\",\"meta\":\"H\\u00e4hnchen und Barbecue-Sauce\",\"content\":\"\n\n<h3 style=\\\"text-align: right;\\\">10,50 EUR<\\\/h3>\"}},{\"type\":\"description_list_item\",\"props\":{\"title\":\"Pizza Thunfisch\",\"meta\":\"\",\"content\":\"\n\n<h3 style=\\\"text-align: right;\\\">10,50 EUR<\\\/h3>\"}},{\"type\":\"description_list_item\",\"props\":{\"title\":\"Flammkuchen Lachs\",\"meta\":\"\",\"content\":\"\n\n<h3 style=\\\"text-align: right;\\\">10,50 EUR<\\\/h3>\"}},{\"type\":\"description_list_item\",\"props\":{\"title\":\"Flammkuchen Speck & Zwiebel\",\"meta\":\"\",\"content\":\"\n\n<h3 style=\\\"text-align: right;\\\">10,50 EUR<\\\/h3>\"}},{\"type\":\"description_list_item\",\"props\":{\"title\":\"Flammkuchen Rucola & Tomate\",\"meta\":\"\",\"content\":\"\n\n<h3 style=\\\"text-align: right;\\\">11,50 EUR<\\\/h3>\"}}]}]}],\"props\":{\"margin\":\"large\"}},{\"type\":\"row\",\"children\":[{\"type\":\"column\",\"props\":{\"image_position\":\"center-center\",\"media_overlay_gradient\":\"\"},\"children\":[{\"type\":\"description_list\",\"props\":{\"show_title\":true,\"show_meta\":true,\"show_content\":true,\"show_link\":true,\"list_element\":\"ul\",\"column_breakpoint\":\"m\",\"layout\":\"grid-2\",\"title_grid_width\":\"auto\",\"title_grid_column_gap\":\"small\",\"title_grid_row_gap\":\"small\",\"title_element\":\"div\",\"meta_style\":\"h5\",\"meta_align\":\"below-title\",\"list_marker\":\"\",\"title_style\":\"h3\",\"meta_color\":\"primary\",\"list_style\":\"divider\",\"list_size\":\"\",\"text_align\":\"left\",\"title_colon\":false,\"title_font_family\":\"primary\",\"content_style\":\"lead\",\"column\":\"1-2\",\"column_divider\":true},\"children\":[{\"type\":\"description_list_item\",\"props\":{\"title\":\"Emder Rauchmatjes im Br\\u00f6tchen\",\"meta\":\"\",\"content\":\"\n\n<h3 style=\\\"text-align: right;\\\">4,50 EUR<\\\/h3>\"}},{\"type\":\"description_list_item\",\"props\":{\"title\":\"Brathering im Br\\u00f6tchen\",\"meta\":\"\",\"content\":\"\n\n<h3 style=\\\"text-align: right;\\\">4,50 EUR<\\\/h3>\"}},{\"type\":\"description_list_item\",\"props\":{\"title\":\"Bismarkhering im Br\\u00f6tchen\",\"meta\":\"\",\"content\":\"\n\n<h3 style=\\\"text-align: right;\\\">4,50 EUR<\\\/h3>\"}},{\"type\":\"description_list_item\",\"props\":{\"title\":\"Fischfrikadelle im Br\\u00f6tchen\",\"meta\":\"\",\"content\":\"\n\n<h3 style=\\\"text-align: right;\\\">4,50 EUR<\\\/h3>\"}},{\"type\":\"description_list_item\",\"props\":{\"title\":\"Rauchlachs im Br\\u00f6tchen\",\"meta\":\"\",\"content\":\"\n\n<h3 style=\\\"text-align: right;\\\">7,50 EUR<\\\/h3>\"}},{\"type\":\"description_list_item\",\"props\":{\"title\":\"Strandgedeck\",\"meta\":\"Wahlweise ein Fischbr\\u00f6tchen mit Matjes, Brathering <br \/>oder Bismarckhering und ein Bier 0,3 l nach Wahl\",\"content\":\"\n\n<h3 style=\\\"text-align: right;\\\">7,00 EUR<\\\/h3>\"}},{\"type\":\"description_list_item\",\"props\":{\"title\":\"Backfisch mit Kartoffelsalat Berliner Art\",\"meta\":\"\",\"content\":\"\n\n<h3 style=\\\"text-align: right;\\\">12,50 EUR<\\\/h3>\"}}]}]}],\"props\":{\"margin\":\"large\"}},{\"type\":\"row\",\"children\":[{\"type\":\"column\",\"props\":{\"image_position\":\"center-center\",\"media_overlay_gradient\":\"\"},\"children\":[{\"type\":\"headline\",\"props\":{\"title_element\":\"h1\",\"title_color\":\"muted\",\"title_style\":\"heading-medium\",\"content\":\"Weserschnitzel\",\"margin\":\"default\"}},{\"type\":\"description_list\",\"props\":{\"show_title\":true,\"show_meta\":true,\"show_content\":true,\"show_link\":true,\"list_element\":\"ul\",\"column_breakpoint\":\"m\",\"layout\":\"grid-2\",\"title_grid_width\":\"auto\",\"title_grid_column_gap\":\"small\",\"title_grid_row_gap\":\"small\",\"title_element\":\"div\",\"meta_style\":\"h5\",\"meta_align\":\"below-title\",\"list_marker\":\"\",\"title_style\":\"h3\",\"meta_color\":\"primary\",\"list_style\":\"divider\",\"list_size\":\"\",\"text_align\":\"left\",\"title_colon\":false,\"title_font_family\":\"primary\",\"content_style\":\"lead\",\"column\":\"1-2\",\"column_divider\":true},\"children\":[{\"type\":\"description_list_item\",\"props\":{\"title\":\"Wiener Art\",\"meta\":\"Schweineschnitzel mit kleinem Salatteller\",\"content\":\"\n\n<h3 style=\\\"text-align: right;\\\">10,90 EUR<\\\/h3>\"}},{\"type\":\"description_list_item\",\"props\":{\"title\":\"Paprika\",\"meta\":\"Schweineschnitzel mit Paprikaso\\u00dfe <br \/>und kleinem Salatteller\",\"content\":\"\n\n<h3 style=\\\"text-align: right;\\\">11,90 EUR<\\\/h3>\"}},{\"type\":\"description_list_item\",\"props\":{\"title\":\"Champignons\",\"meta\":\"Schweineschnitzel mit selbstgemachter <br \/>Champignonso\\u00dfe und kleinem Salatteller\",\"content\":\"\n\n<h3 style=\\\"text-align: right;\\\">11,90 EUR<\\\/h3>\"}},{\"type\":\"description_list_item\",\"props\":{\"title\":\"Vegetarisch\",\"meta\":\"Gemu\\u0308seschnitzel mit Sauce Hollandaise <br \/>und kleinem Salatteller\",\"content\":\"\n\n<h3 style=\\\"text-align: right;\\\">11,50 EUR<\\\/h3>\"}}]},{\"type\":\"headline\",\"props\":{\"title_element\":\"h3\",\"content\":\"\n\n<p class=\\\"p2\\\"><span class=\\\"s1\\\"><span class=\\\"Apple-converted-space\\\">\\u00a0<\\\/span><\\\/span>Alle Schnitzelgerichte werden wahlweise mit Pommes oder Kroketten serviert<span class=\\\"Apple-converted-space\\\">\\u00a0<\\\/span><\\\/p>\",\"title_color\":\"muted\"}}]}],\"props\":{\"margin\":\"large\"}},{\"type\":\"row\",\"children\":[{\"type\":\"column\",\"props\":{\"image_position\":\"center-center\",\"media_overlay_gradient\":\"\"},\"children\":[{\"type\":\"headline\",\"props\":{\"title_element\":\"h1\",\"title_color\":\"muted\",\"title_style\":\"heading-medium\",\"content\":\"Beilagen &amp; Snacks\",\"margin\":\"default\"}},{\"type\":\"description_list\",\"props\":{\"show_title\":true,\"show_meta\":true,\"show_content\":true,\"show_link\":true,\"list_element\":\"ul\",\"column_breakpoint\":\"m\",\"layout\":\"grid-2\",\"title_grid_width\":\"auto\",\"title_grid_column_gap\":\"small\",\"title_grid_row_gap\":\"small\",\"title_element\":\"div\",\"meta_style\":\"h5\",\"meta_align\":\"below-title\",\"list_marker\":\"\",\"title_style\":\"h3\",\"meta_color\":\"muted\",\"list_style\":\"divider\",\"list_size\":\"\",\"text_align\":\"left\",\"title_colon\":false,\"title_font_family\":\"primary\",\"content_style\":\"lead\",\"column\":\"1-2\",\"column_divider\":true},\"children\":[{\"type\":\"description_list_item\",\"props\":{\"title\":\"Currywurst mit Pommes\",\"meta\":\"\",\"content\":\"\n\n<h3 style=\\\"text-align: right;\\\">7,90 EUR<\\\/h3>\"}},{\"type\":\"description_list_item\",\"props\":{\"title\":\"Chicken Nuggets mit Pommes\",\"meta\":\"\",\"content\":\"\n\n<h3 style=\\\"text-align: right;\\\">5,90 EUR<\\\/h3>\"}},{\"type\":\"description_list_item\",\"props\":{\"title\":\"Portion Pommes\",\"meta\":\"\",\"content\":\"\n\n<h3 style=\\\"text-align: right;\\\">3,00 EUR<\\\/h3>\"}},{\"type\":\"description_list_item\",\"props\":{\"title\":\"Beilagen Salat\",\"meta\":\"\",\"content\":\"\n\n<h3 style=\\\"text-align: right;\\\">3,90 EUR<\\\/h3>\"}},{\"type\":\"description_list_item\",\"props\":{\"title\":\"Salatteller klassisch\",\"meta\":\"\",\"content\":\"\n\n<h3 style=\\\"text-align: right;\\\">8,90 EUR<\\\/h3>\"}},{\"type\":\"description_list_item\",\"props\":{\"title\":\"Salatteller mit Lachs\",\"meta\":\"\",\"content\":\"\n\n<h3 style=\\\"text-align: right;\\\">12,90 EUR<\\\/h3>\"}}]}]}],\"props\":{\"margin\":\"xlarge\"}}]},{\"type\":\"section\",\"props\":{\"style\":\"muted\",\"width\":\"default\",\"vertical_align\":\"middle\",\"title_position\":\"top-left\",\"title_rotation\":\"left\",\"title_breakpoint\":\"xl\",\"image_position\":\"center-center\",\"padding\":\"large\",\"padding_remove_top\":false,\"status\":\"disabled\"},\"children\":[{\"type\":\"row\",\"children\":[{\"type\":\"column\",\"props\":{\"image_position\":\"center-center\",\"media_overlay_gradient\":\"\",\"width_medium\":\"1-1\"},\"children\":[{\"type\":\"pagination\",\"props\":{\"pagination_type\":\"numeric\",\"text_align\":\"center\",\"margin\":\"xlarge\"}}]}]}],\"name\":\"Pagination\"}],\"version\":\"2.4.21\"} --><\/p>\n","protected":false},"excerpt":{"rendered":"<p>Unsere Speisekarte Entdecke unsere ausgew\u00e4hlten K\u00f6stlichkeiten. Alle Speisen und Getr\u00e4nke sind aus eigener Herstellung \u2013 ganz regional und typisch norddeutsch. Jetzt probieren! Download Speisekarte als PDF Zur Cocktailkarte Appetizer Tomatensuppe mit Sahnehaube 4,90 EUR Nachos mit Salsa Sauce 3,00 EUR Unsere Speisen Pizza Margherita 8,50 EUR Pizza Salami 9,50 EUR Pizza Pollo H\u00e4hnchen und Barbecue-Sauce [&hellip;]<\/p>\n","protected":false},"author":2,"featured_media":0,"parent":0,"menu_order":0,"comment_status":"closed","ping_status":"closed","template":"","meta":[],"_links":{"self":[{"href":"http:\/\/weserterrassen-nordenham.de\/index.php\/wp-json\/wp\/v2\/pages\/233"}],"collection":[{"href":"http:\/\/weserterrassen-nordenham.de\/index.php\/wp-json\/wp\/v2\/pages"}],"about":[{"href":"http:\/\/weserterrassen-nordenham.de\/index.php\/wp-json\/wp\/v2\/types\/page"}],"author":[{"embeddable":true,"href":"http:\/\/weserterrassen-nordenham.de\/index.php\/wp-json\/wp\/v2\/users\/2"}],"replies":[{"embeddable":true,"href":"http:\/\/weserterrassen-nordenham.de\/index.php\/wp-json\/wp\/v2\/comments?post=233"}],"version-history":[{"count":141,"href":"http:\/\/weserterrassen-nordenham.de\/index.php\/wp-json\/wp\/v2\/pages\/233\/revisions"}],"predecessor-version":[{"id":1012,"href":"http:\/\/weserterrassen-nordenham.de\/index.php\/wp-json\/wp\/v2\/pages\/233\/revisions\/1012"}],"wp:attachment":[{"href":"http:\/\/weserterrassen-nordenham.de\/index.php\/wp-json\/wp\/v2\/media?parent=233"}],"curies":[{"name":"wp","href":"https:\/\/api.w.org\/{rel}","templated":true}]}}